{"id":339,"date":"2018-11-23T16:04:49","date_gmt":"2018-11-23T18:04:49","guid":{"rendered":"http:\/\/nr.mjrdesign.com.br\/?page_id=339"},"modified":"2018-11-23T16:05:07","modified_gmt":"2018-11-23T18:05:07","slug":"visao","status":"publish","type":"page","link":"https:\/\/site.nrcontabilidade.com.br\/index.php\/visao\/","title":{"rendered":"Vis\u00e3o"},"content":{"rendered":"<p>Obter excel\u00eancia profissional em servi\u00e7os cont\u00e1beis e administrativos.<br \/>\nConquistar o mercado maranhense em seu segmento.<br \/>\nExaltar o trabalhar em equipe como estrat\u00e9gia para alcan\u00e7ar os melhores resultados.<\/p>\n","protected":false},"excerpt":{"rendered":"<p>Obter excel\u00eancia profissional em servi\u00e7os cont\u00e1beis e administrativos. Conquistar o mercado maranhense em seu segmento. Exaltar o trabalhar em equipe como estrat\u00e9gia para alcan\u00e7ar os melhores resultados.<\/p>\n","protected":false},"author":1,"featured_media":315,"parent":0,"menu_order":0,"comment_status":"closed","ping_status":"closed","template":"","meta":[],"_links":{"self":[{"href":"https:\/\/site.nrcontabilidade.com.br\/index.php\/wp-json\/wp\/v2\/pages\/339"}],"collection":[{"href":"https:\/\/site.nrcontabilidade.com.br\/index.php\/wp-json\/wp\/v2\/pages"}],"about":[{"href":"https:\/\/site.nrcontabilidade.com.br\/index.php\/wp-json\/wp\/v2\/types\/page"}],"author":[{"embeddable":true,"href":"https:\/\/site.nrcontabilidade.com.br\/index.php\/wp-json\/wp\/v2\/users\/1"}],"replies":[{"embeddable":true,"href":"https:\/\/site.nrcontabilidade.com.br\/index.php\/wp-json\/wp\/v2\/comments?post=339"}],"version-history":[{"count":1,"href":"https:\/\/site.nrcontabilidade.com.br\/index.php\/wp-json\/wp\/v2\/pages\/339\/revisions"}],"predecessor-version":[{"id":340,"href":"https:\/\/site.nrcontabilidade.com.br\/index.php\/wp-json\/wp\/v2\/pages\/339\/revisions\/340"}],"wp:featuredmedia":[{"embeddable":true,"href":"https:\/\/site.nrcontabilidade.com.br\/index.php\/wp-json\/wp\/v2\/media\/315"}],"wp:attachment":[{"href":"https:\/\/site.nrcontabilidade.com.br\/index.php\/wp-json\/wp\/v2\/media?parent=339"}],"curies":[{"name":"wp","href":"https:\/\/api.w.org\/{rel}","templated":true}]}}