{"id":333,"date":"2018-11-23T16:03:17","date_gmt":"2018-11-23T18:03:17","guid":{"rendered":"http:\/\/nr.mjrdesign.com.br\/?page_id=333"},"modified":"2019-01-15T11:31:00","modified_gmt":"2019-01-15T13:31:00","slug":"trabalhista","status":"publish","type":"page","link":"https:\/\/site.nrcontabilidade.com.br\/index.php\/trabalhista\/","title":{"rendered":"Trabalhista"},"content":{"rendered":"<ul>\n<li>Registro dos profissionais contratados (brasileiros e estrangeiros);<\/li>\n<\/ul>\n<ul>\n<li>Elabora\u00e7\u00e3o de folha de pagamento e c\u00e1lculo dos encargos sociais;<\/li>\n<\/ul>\n<ul>\n<li>Elabora\u00e7\u00e3o e produ\u00e7\u00e3o de informa\u00e7\u00f5es para envio ao Minist\u00e9rio de Trabalho;<\/li>\n<\/ul>\n<ul>\n<li>Elabora\u00e7\u00e3o de obriga\u00e7\u00f5es acess\u00f3rias anuais, tais como DIRF, RAIS e Informes de Rendimentos;<\/li>\n<\/ul>\n<ul>\n<li>Elabora\u00e7\u00e3o de mapas de acompanhamentos de concess\u00e3o de f\u00e9rias;<\/li>\n<\/ul>\n<ul>\n<li>Acompanhamento de Acordos, Conven\u00e7\u00f5es\/Diss\u00eddios Coletivos;<\/li>\n<\/ul>\n<ul>\n<li>Assessoria Trabalhista e Previdenci\u00e1ria no atendimento \u00e0 Fiscaliza\u00e7\u00e3o.<\/li>\n<\/ul>\n","protected":false},"excerpt":{"rendered":"<p>Registro dos profissionais contratados (brasileiros e estrangeiros); Elabora\u00e7\u00e3o de folha de pagamento e c\u00e1lculo dos encargos sociais; Elabora\u00e7\u00e3o e produ\u00e7\u00e3o de informa\u00e7\u00f5es para envio ao Minist\u00e9rio de Trabalho; Elabora\u00e7\u00e3o de obriga\u00e7\u00f5es acess\u00f3rias anuais, tais como DIRF, RAIS e Informes de Rendimentos; Elabora\u00e7\u00e3o de mapas de acompanhamentos de concess\u00e3o de f\u00e9rias; Acompanhamento de Acordos, Conven\u00e7\u00f5es\/Diss\u00eddios Coletivos; Assessoria Trabalhista e Previdenci\u00e1ria no atendimento \u00e0 Fiscaliza\u00e7\u00e3o.<\/p>\n","protected":false},"author":1,"featured_media":491,"parent":0,"menu_order":0,"comment_status":"closed","ping_status":"closed","template":"","meta":[],"_links":{"self":[{"href":"https:\/\/site.nrcontabilidade.com.br\/index.php\/wp-json\/wp\/v2\/pages\/333"}],"collection":[{"href":"https:\/\/site.nrcontabilidade.com.br\/index.php\/wp-json\/wp\/v2\/pages"}],"about":[{"href":"https:\/\/site.nrcontabilidade.com.br\/index.php\/wp-json\/wp\/v2\/types\/page"}],"author":[{"embeddable":true,"href":"https:\/\/site.nrcontabilidade.com.br\/index.php\/wp-json\/wp\/v2\/users\/1"}],"replies":[{"embeddable":true,"href":"https:\/\/site.nrcontabilidade.com.br\/index.php\/wp-json\/wp\/v2\/comments?post=333"}],"version-history":[{"count":1,"href":"https:\/\/site.nrcontabilidade.com.br\/index.php\/wp-json\/wp\/v2\/pages\/333\/revisions"}],"predecessor-version":[{"id":334,"href":"https:\/\/site.nrcontabilidade.com.br\/index.php\/wp-json\/wp\/v2\/pages\/333\/revisions\/334"}],"wp:featuredmedia":[{"embeddable":true,"href":"https:\/\/site.nrcontabilidade.com.br\/index.php\/wp-json\/wp\/v2\/media\/491"}],"wp:attachment":[{"href":"https:\/\/site.nrcontabilidade.com.br\/index.php\/wp-json\/wp\/v2\/media?parent=333"}],"curies":[{"name":"wp","href":"https:\/\/api.w.org\/{rel}","templated":true}]}}