{"id":331,"date":"2018-11-23T16:01:37","date_gmt":"2018-11-23T18:01:37","guid":{"rendered":"http:\/\/nr.mjrdesign.com.br\/?page_id=331"},"modified":"2019-01-15T11:25:38","modified_gmt":"2019-01-15T13:25:38","slug":"societaria","status":"publish","type":"page","link":"https:\/\/site.nrcontabilidade.com.br\/index.php\/societaria\/","title":{"rendered":"Societ\u00e1ria"},"content":{"rendered":"<ul>\n<li>Constitui\u00e7\u00e3o e distratos de sociedades civis e mercantis e todas as demais altera\u00e7\u00f5es contratuais decorrentes do desenvolvimento normal das atividades empresariais;<\/li>\n<\/ul>\n<ul>\n<li>Obten\u00e7\u00e3o e baixa de alvar\u00e1, do cadastro nacional de pessoas jur\u00eddicas (CNPJ) e de inscri\u00e7\u00f5es municipal (ISS) e estadual (ICMS);<\/li>\n<\/ul>\n<ul>\n<li>Registro de livros societ\u00e1rios, fiscais e cont\u00e1beis;<\/li>\n<\/ul>\n<ul>\n<li>Obten\u00e7\u00e3o de autoriza\u00e7\u00e3o para emiss\u00e3o de notas fiscais;<\/li>\n<\/ul>\n<ul>\n<li>Expedi\u00e7\u00e3o de certid\u00f5es no \u00e2mbito federal, estadual e municipal, bem como nos Cart\u00f3rios de Protesto de T\u00edtulos, de Interdi\u00e7\u00f5es e Tutelas e nos Cart\u00f3rios Distribuidores;<\/li>\n<\/ul>\n<ul>\n<li>Registro no Sistema de Cadastramento Unificado de Fornecedores (SICAF);<\/li>\n<\/ul>\n<ul>\n<li>Orienta\u00e7\u00e3o e coordena\u00e7\u00e3o em processos licitat\u00f3rios e concorr\u00eancias;<\/li>\n<\/ul>\n<ul>\n<li>Elabora\u00e7\u00e3o e legaliza\u00e7\u00e3o de contratos civis e mercantis;<\/li>\n<\/ul>\n<ul>\n<li>Regulariza\u00e7\u00e3o de situa\u00e7\u00e3o fiscal de empresas junto a todos os \u00f3rg\u00e3os federais, estaduais e municipais.<\/li>\n<\/ul>\n","protected":false},"excerpt":{"rendered":"<p>Constitui\u00e7\u00e3o e distratos de sociedades civis e mercantis e todas as demais altera\u00e7\u00f5es contratuais decorrentes do desenvolvimento normal das atividades empresariais; Obten\u00e7\u00e3o e baixa de alvar\u00e1, do cadastro nacional de pessoas jur\u00eddicas (CNPJ) e de inscri\u00e7\u00f5es municipal (ISS) e estadual (ICMS); Registro de livros societ\u00e1rios, fiscais e cont\u00e1beis; Obten\u00e7\u00e3o de autoriza\u00e7\u00e3o para emiss\u00e3o de notas fiscais; Expedi\u00e7\u00e3o de certid\u00f5es no \u00e2mbito federal, estadual e municipal, &hellip; <\/p>\n","protected":false},"author":1,"featured_media":481,"parent":0,"menu_order":0,"comment_status":"closed","ping_status":"closed","template":"","meta":[],"_links":{"self":[{"href":"https:\/\/site.nrcontabilidade.com.br\/index.php\/wp-json\/wp\/v2\/pages\/331"}],"collection":[{"href":"https:\/\/site.nrcontabilidade.com.br\/index.php\/wp-json\/wp\/v2\/pages"}],"about":[{"href":"https:\/\/site.nrcontabilidade.com.br\/index.php\/wp-json\/wp\/v2\/types\/page"}],"author":[{"embeddable":true,"href":"https:\/\/site.nrcontabilidade.com.br\/index.php\/wp-json\/wp\/v2\/users\/1"}],"replies":[{"embeddable":true,"href":"https:\/\/site.nrcontabilidade.com.br\/index.php\/wp-json\/wp\/v2\/comments?post=331"}],"version-history":[{"count":1,"href":"https:\/\/site.nrcontabilidade.com.br\/index.php\/wp-json\/wp\/v2\/pages\/331\/revisions"}],"predecessor-version":[{"id":332,"href":"https:\/\/site.nrcontabilidade.com.br\/index.php\/wp-json\/wp\/v2\/pages\/331\/revisions\/332"}],"wp:featuredmedia":[{"embeddable":true,"href":"https:\/\/site.nrcontabilidade.com.br\/index.php\/wp-json\/wp\/v2\/media\/481"}],"wp:attachment":[{"href":"https:\/\/site.nrcontabilidade.com.br\/index.php\/wp-json\/wp\/v2\/media?parent=331"}],"curies":[{"name":"wp","href":"https:\/\/api.w.org\/{rel}","templated":true}]}}