{"id":328,"date":"2018-11-23T16:01:17","date_gmt":"2018-11-23T18:01:17","guid":{"rendered":"http:\/\/nr.mjrdesign.com.br\/?page_id=328"},"modified":"2018-11-23T16:01:17","modified_gmt":"2018-11-23T18:01:17","slug":"pericia","status":"publish","type":"page","link":"https:\/\/site.nrcontabilidade.com.br\/index.php\/pericia\/","title":{"rendered":"Per\u00edcia"},"content":{"rendered":"<p>Licita\u00e7\u00f5es.<br \/>\nContratos e Conv\u00eanios.<br \/>\nObriga\u00e7\u00f5es da LRF.<br \/>\nFUNDEB \/ Educa\u00e7\u00e3o.<br \/>\nAn\u00e1lise de processos de pagamentos.<\/p>\n","protected":false},"excerpt":{"rendered":"<p>Licita\u00e7\u00f5es. Contratos e Conv\u00eanios. Obriga\u00e7\u00f5es da LRF. FUNDEB \/ Educa\u00e7\u00e3o. An\u00e1lise de processos de pagamentos.<\/p>\n","protected":false},"author":1,"featured_media":329,"parent":0,"menu_order":0,"comment_status":"closed","ping_status":"closed","template":"","meta":[],"_links":{"self":[{"href":"https:\/\/site.nrcontabilidade.com.br\/index.php\/wp-json\/wp\/v2\/pages\/328"}],"collection":[{"href":"https:\/\/site.nrcontabilidade.com.br\/index.php\/wp-json\/wp\/v2\/pages"}],"about":[{"href":"https:\/\/site.nrcontabilidade.com.br\/index.php\/wp-json\/wp\/v2\/types\/page"}],"author":[{"embeddable":true,"href":"https:\/\/site.nrcontabilidade.com.br\/index.php\/wp-json\/wp\/v2\/users\/1"}],"replies":[{"embeddable":true,"href":"https:\/\/site.nrcontabilidade.com.br\/index.php\/wp-json\/wp\/v2\/comments?post=328"}],"version-history":[{"count":1,"href":"https:\/\/site.nrcontabilidade.com.br\/index.php\/wp-json\/wp\/v2\/pages\/328\/revisions"}],"predecessor-version":[{"id":330,"href":"https:\/\/site.nrcontabilidade.com.br\/index.php\/wp-json\/wp\/v2\/pages\/328\/revisions\/330"}],"wp:featuredmedia":[{"embeddable":true,"href":"https:\/\/site.nrcontabilidade.com.br\/index.php\/wp-json\/wp\/v2\/media\/329"}],"wp:attachment":[{"href":"https:\/\/site.nrcontabilidade.com.br\/index.php\/wp-json\/wp\/v2\/media?parent=328"}],"curies":[{"name":"wp","href":"https:\/\/api.w.org\/{rel}","templated":true}]}}