{"id":324,"date":"2018-11-23T15:56:27","date_gmt":"2018-11-23T17:56:27","guid":{"rendered":"http:\/\/nr.mjrdesign.com.br\/?page_id=324"},"modified":"2019-01-15T11:25:05","modified_gmt":"2019-01-15T13:25:05","slug":"fiscal","status":"publish","type":"page","link":"https:\/\/site.nrcontabilidade.com.br\/index.php\/fiscal\/","title":{"rendered":"Fiscal"},"content":{"rendered":"<p>Departamento de Impostos \u00e9 respons\u00e1vel pela apura\u00e7\u00e3o de tributos indiretos (IPI, PIS, COFINS, ICMS e ISS) e pela escritura\u00e7\u00e3o dos documentos fiscais, por meio de sistema de processamento de dados, totalmente integrados com o sistema cont\u00e1bil utilizado.<\/p>\n<p>Respons\u00e1vel pela elabora\u00e7\u00e3o e entrega das declara\u00e7\u00f5es mensais e anuais, tais como: DIPJ, DIEF, SINTEGRA, DIM e demais declara\u00e7\u00f5es e solicita\u00e7\u00f5es dos \u00f3rg\u00e3os de fiscaliza\u00e7\u00e3o.<\/p>\n<p>Disponibilizamos tamb\u00e9m os servi\u00e7os de consultoria fiscal, quer seja assessorando nossos clientes na an\u00e1lise de suas opera\u00e7\u00f5es e seus conseq\u00fcentes desmembramentos fiscais, como tamb\u00e9m, na elabora\u00e7\u00e3o de processos de Regimes Especiais, Consultas, Processos de Restitui\u00e7\u00e3o e Compensa\u00e7\u00e3o de Impostos Estaduais e Municipais e na Defesa Administrativa de Autos de Infra\u00e7\u00e3o.<\/p>\n","protected":false},"excerpt":{"rendered":"<p>Departamento de Impostos \u00e9 respons\u00e1vel pela apura\u00e7\u00e3o de tributos indiretos (IPI, PIS, COFINS, ICMS e ISS) e pela escritura\u00e7\u00e3o dos documentos fiscais, por meio de sistema de processamento de dados, totalmente integrados com o sistema cont\u00e1bil utilizado. Respons\u00e1vel pela elabora\u00e7\u00e3o e entrega das declara\u00e7\u00f5es mensais e anuais, tais como: DIPJ, DIEF, SINTEGRA, DIM e demais declara\u00e7\u00f5es e solicita\u00e7\u00f5es dos \u00f3rg\u00e3os de fiscaliza\u00e7\u00e3o. Disponibilizamos tamb\u00e9m os &hellip; <\/p>\n","protected":false},"author":1,"featured_media":483,"parent":0,"menu_order":0,"comment_status":"closed","ping_status":"closed","template":"","meta":[],"_links":{"self":[{"href":"https:\/\/site.nrcontabilidade.com.br\/index.php\/wp-json\/wp\/v2\/pages\/324"}],"collection":[{"href":"https:\/\/site.nrcontabilidade.com.br\/index.php\/wp-json\/wp\/v2\/pages"}],"about":[{"href":"https:\/\/site.nrcontabilidade.com.br\/index.php\/wp-json\/wp\/v2\/types\/page"}],"author":[{"embeddable":true,"href":"https:\/\/site.nrcontabilidade.com.br\/index.php\/wp-json\/wp\/v2\/users\/1"}],"replies":[{"embeddable":true,"href":"https:\/\/site.nrcontabilidade.com.br\/index.php\/wp-json\/wp\/v2\/comments?post=324"}],"version-history":[{"count":1,"href":"https:\/\/site.nrcontabilidade.com.br\/index.php\/wp-json\/wp\/v2\/pages\/324\/revisions"}],"predecessor-version":[{"id":325,"href":"https:\/\/site.nrcontabilidade.com.br\/index.php\/wp-json\/wp\/v2\/pages\/324\/revisions\/325"}],"wp:featuredmedia":[{"embeddable":true,"href":"https:\/\/site.nrcontabilidade.com.br\/index.php\/wp-json\/wp\/v2\/media\/483"}],"wp:attachment":[{"href":"https:\/\/site.nrcontabilidade.com.br\/index.php\/wp-json\/wp\/v2\/media?parent=324"}],"curies":[{"name":"wp","href":"https:\/\/api.w.org\/{rel}","templated":true}]}}