{"id":322,"date":"2018-11-23T15:56:07","date_gmt":"2018-11-23T17:56:07","guid":{"rendered":"http:\/\/nr.mjrdesign.com.br\/?page_id=322"},"modified":"2019-01-15T11:27:34","modified_gmt":"2019-01-15T13:27:34","slug":"contabil","status":"publish","type":"page","link":"https:\/\/site.nrcontabilidade.com.br\/index.php\/contabil\/","title":{"rendered":"Cont\u00e1bil"},"content":{"rendered":"<ul>\n<li>Demonstra\u00e7\u00f5es Cont\u00e1beis, em atendimento \u00e0 legisla\u00e7\u00e3o societ\u00e1ria e cont\u00e1bil nacional em vigor;<\/li>\n<\/ul>\n<ul>\n<li>Balan\u00e7o Social e Demonstra\u00e7\u00e3o do Valor Adicionado (DVA), que t\u00eam como objetivo tornar p\u00fablica a contribui\u00e7\u00e3o das empresas para o desenvolvimento humano e do meio-ambiente;<\/li>\n<\/ul>\n<ul>\n<li>Declara\u00e7\u00e3o de Informa\u00e7\u00f5es Econ\u00f4mico-Fiscais da Pessoa Jur\u00eddica (DIPJ), Declara\u00e7\u00e3o de D\u00e9bitos e Cr\u00e9ditos Tribut\u00e1rios; Federais (DCTF), e demais obriga\u00e7\u00f5es acess\u00f3rias exigidas pela Secretaria da Receita Federal;<\/li>\n<\/ul>\n<ul>\n<li>Acompanhamento da Regularidade Fiscal das empresas perante a Secretaria da Receita Federal;<\/li>\n<\/ul>\n<ul>\n<li>Processos de Restitui\u00e7\u00e3o e Compensa\u00e7\u00e3o de Tributos Federais;<\/li>\n<\/ul>\n<ul>\n<li>Planejamento Fiscal para fins de op\u00e7\u00e3o ao regime de tributa\u00e7\u00e3o do Imposto de Renda da Pessoa Jur\u00eddica (IRPJ) e da Contribui\u00e7\u00e3o Social sobre o Lucro L\u00edquido (CSLL);<\/li>\n<\/ul>\n<ul>\n<li>Obriga\u00e7\u00f5es fiscais das pessoas f\u00edsicas, tais como: Declara\u00e7\u00e3o de Ajuste Anual e apura\u00e7\u00e3o do imposto de renda devido, inclusive carn\u00ea-le\u00e3o e sobre o ganho de capital;<\/li>\n<\/ul>\n<ul>\n<li>Relat\u00f3rios em atendimento a ag\u00eancias e \u00f3rg\u00e3os reguladores;<\/li>\n<\/ul>\n<ul>\n<li>Relat\u00f3rios Gerenciais;<\/li>\n<\/ul>\n<ul>\n<li>Controle de Fluxo de Caixa e Proje\u00e7\u00e3o de Gastos.<\/li>\n<\/ul>\n","protected":false},"excerpt":{"rendered":"<p>Demonstra\u00e7\u00f5es Cont\u00e1beis, em atendimento \u00e0 legisla\u00e7\u00e3o societ\u00e1ria e cont\u00e1bil nacional em vigor; Balan\u00e7o Social e Demonstra\u00e7\u00e3o do Valor Adicionado (DVA), que t\u00eam como objetivo tornar p\u00fablica a contribui\u00e7\u00e3o das empresas para o desenvolvimento humano e do meio-ambiente; Declara\u00e7\u00e3o de Informa\u00e7\u00f5es Econ\u00f4mico-Fiscais da Pessoa Jur\u00eddica (DIPJ), Declara\u00e7\u00e3o de D\u00e9bitos e Cr\u00e9ditos Tribut\u00e1rios; Federais (DCTF), e demais obriga\u00e7\u00f5es acess\u00f3rias exigidas pela Secretaria da Receita Federal; Acompanhamento da &hellip; <\/p>\n","protected":false},"author":1,"featured_media":490,"parent":0,"menu_order":0,"comment_status":"closed","ping_status":"closed","template":"","meta":[],"_links":{"self":[{"href":"https:\/\/site.nrcontabilidade.com.br\/index.php\/wp-json\/wp\/v2\/pages\/322"}],"collection":[{"href":"https:\/\/site.nrcontabilidade.com.br\/index.php\/wp-json\/wp\/v2\/pages"}],"about":[{"href":"https:\/\/site.nrcontabilidade.com.br\/index.php\/wp-json\/wp\/v2\/types\/page"}],"author":[{"embeddable":true,"href":"https:\/\/site.nrcontabilidade.com.br\/index.php\/wp-json\/wp\/v2\/users\/1"}],"replies":[{"embeddable":true,"href":"https:\/\/site.nrcontabilidade.com.br\/index.php\/wp-json\/wp\/v2\/comments?post=322"}],"version-history":[{"count":1,"href":"https:\/\/site.nrcontabilidade.com.br\/index.php\/wp-json\/wp\/v2\/pages\/322\/revisions"}],"predecessor-version":[{"id":323,"href":"https:\/\/site.nrcontabilidade.com.br\/index.php\/wp-json\/wp\/v2\/pages\/322\/revisions\/323"}],"wp:featuredmedia":[{"embeddable":true,"href":"https:\/\/site.nrcontabilidade.com.br\/index.php\/wp-json\/wp\/v2\/media\/490"}],"wp:attachment":[{"href":"https:\/\/site.nrcontabilidade.com.br\/index.php\/wp-json\/wp\/v2\/media?parent=322"}],"curies":[{"name":"wp","href":"https:\/\/api.w.org\/{rel}","templated":true}]}}