{"id":320,"date":"2018-11-23T15:46:35","date_gmt":"2018-11-23T17:46:35","guid":{"rendered":"http:\/\/nr.mjrdesign.com.br\/?page_id=320"},"modified":"2019-01-15T11:26:24","modified_gmt":"2019-01-15T13:26:24","slug":"consultoria-publica","status":"publish","type":"page","link":"https:\/\/site.nrcontabilidade.com.br\/index.php\/consultoria-publica\/","title":{"rendered":"Consultoria P\u00fablica"},"content":{"rendered":"<ul>\n<li>Licita\u00e7\u00f5es;<\/li>\n<\/ul>\n<ul>\n<li>Contratos e Conv\u00eanios;<\/li>\n<\/ul>\n<ul>\n<li>Elabora\u00e7\u00e3o de Or\u00e7amentos (PPA, LDO, LOA);<\/li>\n<\/ul>\n<ul>\n<li>FUNDEB \/ Educa\u00e7\u00e3o;<\/li>\n<\/ul>\n<ul>\n<li>Sa\u00fade \/ Conv\u00eanios;<\/li>\n<\/ul>\n<ul>\n<li>Obriga\u00e7\u00f5es da LRF;<\/li>\n<\/ul>\n","protected":false},"excerpt":{"rendered":"<p>Licita\u00e7\u00f5es; Contratos e Conv\u00eanios; Elabora\u00e7\u00e3o de Or\u00e7amentos (PPA, LDO, LOA); FUNDEB \/ Educa\u00e7\u00e3o; Sa\u00fade \/ Conv\u00eanios; Obriga\u00e7\u00f5es da LRF;<\/p>\n","protected":false},"author":1,"featured_media":485,"parent":0,"menu_order":0,"comment_status":"closed","ping_status":"closed","template":"","meta":[],"_links":{"self":[{"href":"https:\/\/site.nrcontabilidade.com.br\/index.php\/wp-json\/wp\/v2\/pages\/320"}],"collection":[{"href":"https:\/\/site.nrcontabilidade.com.br\/index.php\/wp-json\/wp\/v2\/pages"}],"about":[{"href":"https:\/\/site.nrcontabilidade.com.br\/index.php\/wp-json\/wp\/v2\/types\/page"}],"author":[{"embeddable":true,"href":"https:\/\/site.nrcontabilidade.com.br\/index.php\/wp-json\/wp\/v2\/users\/1"}],"replies":[{"embeddable":true,"href":"https:\/\/site.nrcontabilidade.com.br\/index.php\/wp-json\/wp\/v2\/comments?post=320"}],"version-history":[{"count":1,"href":"https:\/\/site.nrcontabilidade.com.br\/index.php\/wp-json\/wp\/v2\/pages\/320\/revisions"}],"predecessor-version":[{"id":321,"href":"https:\/\/site.nrcontabilidade.com.br\/index.php\/wp-json\/wp\/v2\/pages\/320\/revisions\/321"}],"wp:featuredmedia":[{"embeddable":true,"href":"https:\/\/site.nrcontabilidade.com.br\/index.php\/wp-json\/wp\/v2\/media\/485"}],"wp:attachment":[{"href":"https:\/\/site.nrcontabilidade.com.br\/index.php\/wp-json\/wp\/v2\/media?parent=320"}],"curies":[{"name":"wp","href":"https:\/\/api.w.org\/{rel}","templated":true}]}}