{"id":318,"date":"2018-11-23T15:46:12","date_gmt":"2018-11-23T17:46:12","guid":{"rendered":"http:\/\/nr.mjrdesign.com.br\/?page_id=318"},"modified":"2019-01-15T11:23:50","modified_gmt":"2019-01-15T13:23:50","slug":"consultoria","status":"publish","type":"page","link":"https:\/\/site.nrcontabilidade.com.br\/index.php\/consultoria\/","title":{"rendered":"Consultoria"},"content":{"rendered":"<ul>\n<li>Consultoria Cont\u00e1bil;<\/li>\n<\/ul>\n<ul>\n<li>Consultoria de Gest\u00e3o;<\/li>\n<\/ul>\n<ul>\n<li>Consultoria Fiscal;<\/li>\n<\/ul>\n<ul>\n<li>Consultoria Trabalhista e Previdenci\u00e1ria.<\/li>\n<\/ul>\n","protected":false},"excerpt":{"rendered":"<p>Consultoria Cont\u00e1bil; Consultoria de Gest\u00e3o; Consultoria Fiscal; Consultoria Trabalhista e Previdenci\u00e1ria.<\/p>\n","protected":false},"author":1,"featured_media":482,"parent":0,"menu_order":0,"comment_status":"closed","ping_status":"closed","template":"","meta":[],"_links":{"self":[{"href":"https:\/\/site.nrcontabilidade.com.br\/index.php\/wp-json\/wp\/v2\/pages\/318"}],"collection":[{"href":"https:\/\/site.nrcontabilidade.com.br\/index.php\/wp-json\/wp\/v2\/pages"}],"about":[{"href":"https:\/\/site.nrcontabilidade.com.br\/index.php\/wp-json\/wp\/v2\/types\/page"}],"author":[{"embeddable":true,"href":"https:\/\/site.nrcontabilidade.com.br\/index.php\/wp-json\/wp\/v2\/users\/1"}],"replies":[{"embeddable":true,"href":"https:\/\/site.nrcontabilidade.com.br\/index.php\/wp-json\/wp\/v2\/comments?post=318"}],"version-history":[{"count":1,"href":"https:\/\/site.nrcontabilidade.com.br\/index.php\/wp-json\/wp\/v2\/pages\/318\/revisions"}],"predecessor-version":[{"id":319,"href":"https:\/\/site.nrcontabilidade.com.br\/index.php\/wp-json\/wp\/v2\/pages\/318\/revisions\/319"}],"wp:featuredmedia":[{"embeddable":true,"href":"https:\/\/site.nrcontabilidade.com.br\/index.php\/wp-json\/wp\/v2\/media\/482"}],"wp:attachment":[{"href":"https:\/\/site.nrcontabilidade.com.br\/index.php\/wp-json\/wp\/v2\/media?parent=318"}],"curies":[{"name":"wp","href":"https:\/\/api.w.org\/{rel}","templated":true}]}}