{"id":316,"date":"2018-11-23T15:45:52","date_gmt":"2018-11-23T17:45:52","guid":{"rendered":"http:\/\/nr.mjrdesign.com.br\/?page_id=316"},"modified":"2019-01-15T11:22:30","modified_gmt":"2019-01-15T13:22:30","slug":"auditoria","status":"publish","type":"page","link":"https:\/\/site.nrcontabilidade.com.br\/index.php\/auditoria\/","title":{"rendered":"Auditoria"},"content":{"rendered":"<ul>\n<li>Auditoria cont\u00e1bil para fins de emiss\u00e3o de parecer sobre as correspondentes demonstra\u00e7\u00f5es financeiras;<\/li>\n<\/ul>\n<ul>\n<li>Auditoria fiscal com a finalidade de verificar a correta apura\u00e7\u00e3o dos diversos impostos que a empresa est\u00e1 sujeita, bem como verificar o cumprimento das obriga\u00e7\u00f5es acess\u00f3rias;<\/li>\n<\/ul>\n<ul>\n<li>Auditoria de pessoal, com a finalidade de verificar o correto recolhimento dos encargos e o cumprimento da legisla\u00e7\u00e3o trabalhista e previdenci\u00e1ria, tendo como objetivo&nbsp;evitar penalidades para a empresa.<\/li>\n<\/ul>\n","protected":false},"excerpt":{"rendered":"<p>Auditoria cont\u00e1bil para fins de emiss\u00e3o de parecer sobre as correspondentes demonstra\u00e7\u00f5es financeiras; Auditoria fiscal com a finalidade de verificar a correta apura\u00e7\u00e3o dos diversos impostos que a empresa est\u00e1 sujeita, bem como verificar o cumprimento das obriga\u00e7\u00f5es acess\u00f3rias; Auditoria de pessoal, com a finalidade de verificar o correto recolhimento dos encargos e o cumprimento da legisla\u00e7\u00e3o trabalhista e previdenci\u00e1ria, tendo como objetivo&nbsp;evitar penalidades para &hellip; <\/p>\n","protected":false},"author":1,"featured_media":480,"parent":0,"menu_order":0,"comment_status":"closed","ping_status":"closed","template":"","meta":[],"_links":{"self":[{"href":"https:\/\/site.nrcontabilidade.com.br\/index.php\/wp-json\/wp\/v2\/pages\/316"}],"collection":[{"href":"https:\/\/site.nrcontabilidade.com.br\/index.php\/wp-json\/wp\/v2\/pages"}],"about":[{"href":"https:\/\/site.nrcontabilidade.com.br\/index.php\/wp-json\/wp\/v2\/types\/page"}],"author":[{"embeddable":true,"href":"https:\/\/site.nrcontabilidade.com.br\/index.php\/wp-json\/wp\/v2\/users\/1"}],"replies":[{"embeddable":true,"href":"https:\/\/site.nrcontabilidade.com.br\/index.php\/wp-json\/wp\/v2\/comments?post=316"}],"version-history":[{"count":2,"href":"https:\/\/site.nrcontabilidade.com.br\/index.php\/wp-json\/wp\/v2\/pages\/316\/revisions"}],"predecessor-version":[{"id":487,"href":"https:\/\/site.nrcontabilidade.com.br\/index.php\/wp-json\/wp\/v2\/pages\/316\/revisions\/487"}],"wp:featuredmedia":[{"embeddable":true,"href":"https:\/\/site.nrcontabilidade.com.br\/index.php\/wp-json\/wp\/v2\/media\/480"}],"wp:attachment":[{"href":"https:\/\/site.nrcontabilidade.com.br\/index.php\/wp-json\/wp\/v2\/media?parent=316"}],"curies":[{"name":"wp","href":"https:\/\/api.w.org\/{rel}","templated":true}]}}